{"id":968,"date":"2020-06-11T14:39:42","date_gmt":"2020-06-11T14:39:42","guid":{"rendered":"https:\/\/asid.atnetmaker.com\/?page_id=968"},"modified":"2026-04-28T15:27:16","modified_gmt":"2026-04-28T15:27:16","slug":"formation-informatique","status":"publish","type":"page","link":"https:\/\/asid.atnetmaker.com\/index.php\/formation-informatique\/","title":{"rendered":"Formation"},"content":{"rendered":"\t\t<div data-elementor-type=\"wp-post\" data-elementor-id=\"968\" class=\"elementor elementor-968\">\n\t\t\t\t\t\t<section class=\"elementor-section elementor-top-section elementor-element elementor-element-4c1c6c0 elementor-section-boxed elementor-section-height-default elementor-section-height-default\" data-id=\"4c1c6c0\" data-element_type=\"section\" data-e-type=\"section\">\n\t\t\t\t\t\t<div class=\"elementor-container elementor-column-gap-default\">\n\t\t\t\t\t<div class=\"elementor-column elementor-col-100 elementor-top-column elementor-element elementor-element-88c404e\" data-id=\"88c404e\" data-element_type=\"column\" data-e-type=\"column\">\n\t\t\t<div class=\"elementor-widget-wrap elementor-element-populated\">\n\t\t\t\t\t\t<div class=\"elementor-element elementor-element-ba6fef0 elementor-widget elementor-widget-spacer\" data-id=\"ba6fef0\" data-element_type=\"widget\" data-e-type=\"widget\" data-widget_type=\"spacer.default\">\n\t\t\t\t<div class=\"elementor-widget-container\">\n\t\t\t\t\t\t\t<div class=\"elementor-spacer\">\n\t\t\t<div class=\"elementor-spacer-inner\"><\/div>\n\t\t<\/div>\n\t\t\t\t\t\t<\/div>\n\t\t\t\t<\/div>\n\t\t\t\t\t<\/div>\n\t\t<\/div>\n\t\t\t\t\t<\/div>\n\t\t<\/section>\n\t\t\t\t<section class=\"elementor-section elementor-top-section elementor-element elementor-element-da0f773 elementor-section-boxed elementor-section-height-default elementor-section-height-default\" data-id=\"da0f773\" data-element_type=\"section\" data-e-type=\"section\">\n\t\t\t\t\t\t<div class=\"elementor-container elementor-column-gap-default\">\n\t\t\t\t\t<div class=\"elementor-column elementor-col-100 elementor-top-column elementor-element elementor-element-1fde0c0\" data-id=\"1fde0c0\" data-element_type=\"column\" data-e-type=\"column\">\n\t\t\t<div class=\"elementor-widget-wrap elementor-element-populated\">\n\t\t\t\t\t\t<div class=\"elementor-element elementor-element-56d8a91 elementor-widget elementor-widget-text-editor\" data-id=\"56d8a91\" data-element_type=\"widget\" data-e-type=\"widget\" data-widget_type=\"text-editor.default\">\n\t\t\t\t<div class=\"elementor-widget-container\">\n\t\t\t\t\t\t\t\t\t<p>Vous cherchez une formation adapt\u00e9e \u00e0 vos besoins, nous donnons des cours sur la majorit\u00e9 des logiciels que vous utilisez.<br \/>Nous venons chez vous pour vous former, ce qui vous permet d&rsquo;\u00eatre en contact direct avec le formateur et ainsi pouvoir poser les questions que vous souhaitez et d\u2019avancer \u00e0 votre rythme. Pas de programme contraignant, apr\u00e8s une \u00e9valuation de vos besoins et comp\u00e9tences, nous mettons en place un plan de formation adapt\u00e9 \u00e0 vos exigences.<\/p>\t\t\t\t\t\t\t\t<\/div>\n\t\t\t\t<\/div>\n\t\t\t\t\t<\/div>\n\t\t<\/div>\n\t\t\t\t\t<\/div>\n\t\t<\/section>\n\t\t\t\t<section class=\"elementor-section elementor-top-section elementor-element elementor-element-078fe61 elementor-section-boxed elementor-section-height-default elementor-section-height-default\" data-id=\"078fe61\" data-element_type=\"section\" data-e-type=\"section\">\n\t\t\t\t\t\t<div class=\"elementor-container elementor-column-gap-default\">\n\t\t\t\t\t<div class=\"elementor-column elementor-col-100 elementor-top-column elementor-element elementor-element-54ffe40\" data-id=\"54ffe40\" data-element_type=\"column\" data-e-type=\"column\">\n\t\t\t<div class=\"elementor-widget-wrap elementor-element-populated\">\n\t\t\t\t\t\t<div class=\"elementor-element elementor-element-5e8b2e1 elementor-widget elementor-widget-heading\" data-id=\"5e8b2e1\" data-element_type=\"widget\" data-e-type=\"widget\" data-widget_type=\"heading.default\">\n\t\t\t\t<div class=\"elementor-widget-container\">\n\t\t\t\t\t<h2 class=\"elementor-heading-title elementor-size-default\">Nos objectifs :<\/h2>\t\t\t\t<\/div>\n\t\t\t\t<\/div>\n\t\t\t\t\t<\/div>\n\t\t<\/div>\n\t\t\t\t\t<\/div>\n\t\t<\/section>\n\t\t\t\t<section class=\"elementor-section elementor-top-section elementor-element elementor-element-deeca3a elementor-section-boxed elementor-section-height-default elementor-section-height-default\" data-id=\"deeca3a\" data-element_type=\"section\" data-e-type=\"section\">\n\t\t\t\t\t\t<div class=\"elementor-container elementor-column-gap-default\">\n\t\t\t\t\t<div class=\"elementor-column elementor-col-100 elementor-top-column elementor-element elementor-element-294f5d5\" data-id=\"294f5d5\" data-element_type=\"column\" data-e-type=\"column\">\n\t\t\t<div class=\"elementor-widget-wrap elementor-element-populated\">\n\t\t\t\t\t\t<div class=\"elementor-element elementor-element-94a55ac elementor-widget elementor-widget-text-editor\" data-id=\"94a55ac\" data-element_type=\"widget\" data-e-type=\"widget\" data-widget_type=\"text-editor.default\">\n\t\t\t\t<div class=\"elementor-widget-container\">\n\t\t\t\t\t\t\t\t\t<p>&#8211; Vous faire comprendre de fa\u00e7on simple<br \/>&#8211; Vous faire travailler sur votre propre mat\u00e9riel, \u00e0 domicile<br \/>&#8211; Que vous soyez capable de restituer les grands principes appris de mani\u00e8re autonome<\/p><table style=\"color: #000000; font-family: Verdana, Arial, Helvetica, sans-serif; font-size: 12px; font-style: normal; font-variant-ligatures: normal; font-variant-caps: normal; font-weight: 400;\" border=\"0\" width=\"100%\" cellspacing=\"0\" cellpadding=\"5\"><tbody><tr><td class=\"contour_tabasid\" style=\"border-top: 1px solid #cccccc; border-right: 1px solid #cccccc; border-left: 1px solid #cccccc; border-bottom-color: #cccccc; text-align: justify; font-weight: bold; color: #ffffff; background-color: #cd0001; height: 40px;\" valign=\"middle\">Type de Prestation<\/td><td class=\"contour_tabasid\" style=\"border-top: 1px solid #cccccc; border-right: 1px solid #cccccc; border-left: 1px solid #cccccc; border-bottom-color: #cccccc; text-align: justify; font-weight: bold; color: #ffffff; background-color: #cd0001; height: 40px;\" valign=\"middle\" width=\"80\"><div align=\"center\">Dur\u00e9e<\/div><\/td><td class=\"contour_tabasid\" style=\"border-top: 1px solid #cccccc; border-right: 1px solid #cccccc; border-left: 1px solid #cccccc; border-bottom-color: #cccccc; text-align: justify; font-weight: bold; color: #ffffff; background-color: #cd0001; height: 40px;\" valign=\"middle\" width=\"120\"><div align=\"center\">Tarif Brut<\/div><\/td><td class=\"contour_tabasid\" style=\"border-top: 1px solid #cccccc; border-right: 1px solid #cccccc; border-left: 1px solid #cccccc; border-bottom-color: #cccccc; text-align: justify; font-weight: bold; color: #ffffff; background-color: #cd0001; height: 40px;\" valign=\"middle\" width=\"150\"><div align=\"center\">Tarif Apr\u00e8s D\u00e9duction<\/div><\/td><\/tr><tr><td class=\"contour_tab\" style=\"border-top: 1px solid #cccccc; border-right: 1px solid #cccccc; border-left: 1px solid #cccccc; border-bottom-color: #cccccc; text-align: justify;\">Formation de 2h\u00a0: d\u00e9couverte \/ initiation \/ perfectionnement Bureautique \/ Photo \/ Vid\u00e9o<\/td><td class=\"contour_tab\" style=\"border-top: 1px solid #cccccc; border-right: 1px solid #cccccc; border-left: 1px solid #cccccc; border-bottom-color: #cccccc; text-align: justify;\" align=\"center\" width=\"80\"><div align=\"center\">2h00<\/div><\/td><td class=\"contour_tab\" style=\"border-top: 1px solid #cccccc; border-right: 1px solid #cccccc; border-left: 1px solid #cccccc; border-bottom-color: #cccccc; text-align: justify;\" align=\"center\" width=\"120\"><div align=\"center\">145,00 \u20ac<\/div><\/td><td class=\"contour_tab\" style=\"border-top: 1px solid #cccccc; border-right: 1px solid #cccccc; border-left: 1px solid #cccccc; border-bottom-color: #cccccc; text-align: justify;\" align=\"center\" width=\"150\"><div align=\"center\"><strong>72,50\u20ac<\/strong><\/div><\/td><\/tr><tr><td class=\"contour_tab\" style=\"border-top: 1px solid #cccccc; border-right: 1px solid #cccccc; border-left: 1px solid #cccccc; border-bottom-color: #cccccc; text-align: justify;\">Parcours P\u00e9dagogique<\/td><td class=\"contour_tab\" style=\"border-top: 1px solid #cccccc; border-right: 1px solid #cccccc; border-left: 1px solid #cccccc; border-bottom-color: #cccccc; text-align: justify;\" align=\"center\" width=\"80\"><div align=\"center\">3 x 2h00<\/div><\/td><td class=\"contour_tab\" style=\"border-top: 1px solid #cccccc; border-right: 1px solid #cccccc; border-left: 1px solid #cccccc; border-bottom-color: #cccccc; text-align: justify;\" align=\"center\" width=\"120\"><div align=\"center\">280,00 \u20ac<\/div><\/td><td class=\"contour_tab\" style=\"border-top: 1px solid #cccccc; border-right: 1px solid #cccccc; border-left: 1px solid #cccccc; border-bottom-color: #cccccc; text-align: justify;\" align=\"center\" width=\"150\"><div align=\"center\"><strong>140,00\u20ac<\/strong><\/div><\/td><\/tr><\/tbody><\/table><p><strong>Exemple de formations\u00a0:<\/strong><strong><br \/><\/strong>\u00a0\u00a0\u00a0\u00a0\u00a0\u00a0\u00a0\u00a0\u00a0\u00a0\u00a0\u00a0\u00a0\u00a0\u00a0\u00a0\u00a0 &#8211; D\u00e9buter ou se perfectionner sur les logiciels de bureautique Word \/ Excel \/ Powerpoint<br \/>\u00a0\u00a0\u00a0\u00a0\u00a0\u00a0\u00a0\u00a0\u00a0\u00a0\u00a0\u00a0\u00a0\u00a0\u00a0\u00a0\u00a0 &#8211; J\u2019apprends \u00e0 me servir de mon appareil photo num\u00e9rique et \u00e0 retoucher mes photos<br \/>\u00a0\u00a0\u00a0\u00a0\u00a0\u00a0\u00a0\u00a0\u00a0\u00a0\u00a0\u00a0\u00a0\u00a0\u00a0\u00a0\u00a0 &#8211; J\u2019apprends \u00e0 me servir de mon cam\u00e9scope et je monte mes films<br \/>\u00a0\u00a0\u00a0\u00a0\u00a0\u00a0\u00a0\u00a0\u00a0\u00a0\u00a0\u00a0\u00a0\u00a0\u00a0\u00a0\u00a0 &#8211; Je veux mieux ma\u00eetriser internet (achats en ligne, moteur de recherche, t\u00e9l\u00e9chargement l\u00e9gal, email et transfert de pi\u00e8ces jointes)<br \/>\u00a0\u00a0\u00a0\u00a0\u00a0\u00a0\u00a0\u00a0\u00a0\u00a0\u00a0\u00a0\u00a0\u00a0\u00a0\u00a0\u00a0 &#8211; Ces th\u00e8mes et bien d\u2019autres encore sont disponibles sur Mac ou sur PC quel que soit votre niveau<\/p>\t\t\t\t\t\t\t\t<\/div>\n\t\t\t\t<\/div>\n\t\t\t\t\t<\/div>\n\t\t<\/div>\n\t\t\t\t\t<\/div>\n\t\t<\/section>\n\t\t\t\t<section class=\"elementor-section elementor-top-section elementor-element elementor-element-d062034 elementor-section-boxed elementor-section-height-default elementor-section-height-default\" data-id=\"d062034\" data-element_type=\"section\" data-e-type=\"section\">\n\t\t\t\t\t\t<div class=\"elementor-container elementor-column-gap-default\">\n\t\t\t\t\t<div class=\"elementor-column elementor-col-100 elementor-top-column elementor-element elementor-element-f90b57c\" data-id=\"f90b57c\" data-element_type=\"column\" data-e-type=\"column\">\n\t\t\t<div class=\"elementor-widget-wrap elementor-element-populated\">\n\t\t\t\t\t\t<div class=\"elementor-element elementor-element-cc2e49c elementor-widget elementor-widget-heading\" data-id=\"cc2e49c\" data-element_type=\"widget\" data-e-type=\"widget\" data-widget_type=\"heading.default\">\n\t\t\t\t<div class=\"elementor-widget-container\">\n\t\t\t\t\t<h2 class=\"elementor-heading-title elementor-size-default\">Deux types de modules existent :<\/h2>\t\t\t\t<\/div>\n\t\t\t\t<\/div>\n\t\t\t\t\t<\/div>\n\t\t<\/div>\n\t\t\t\t\t<\/div>\n\t\t<\/section>\n\t\t\t\t<section class=\"elementor-section elementor-top-section elementor-element elementor-element-3c2c6ae elementor-section-boxed elementor-section-height-default elementor-section-height-default\" data-id=\"3c2c6ae\" data-element_type=\"section\" data-e-type=\"section\">\n\t\t\t\t\t\t<div class=\"elementor-container elementor-column-gap-default\">\n\t\t\t\t\t<div class=\"elementor-column elementor-col-100 elementor-top-column elementor-element elementor-element-35733d7\" data-id=\"35733d7\" data-element_type=\"column\" data-e-type=\"column\">\n\t\t\t<div class=\"elementor-widget-wrap elementor-element-populated\">\n\t\t\t\t\t\t<div class=\"elementor-element elementor-element-0304721 elementor-widget elementor-widget-text-editor\" data-id=\"0304721\" data-element_type=\"widget\" data-e-type=\"widget\" data-widget_type=\"text-editor.default\">\n\t\t\t\t<div class=\"elementor-widget-container\">\n\t\t\t\t\t\t\t\t\t<p>La formation de 2 heures, format id\u00e9al pour apprendre en \u00e9vitant le \u00ab\u00a0bourrage de cr\u00e2ne\u00a0\u00bb. Notre formateur vous forme sur un th\u00e8me pr\u00e9cis ou bien vous avez un certain nombre de questions \u00e0 lui poser pour optimiser votre compr\u00e9hension du logiciel.<\/p><p>Le parcours p\u00e9dagogique, format id\u00e9al pour tirer parti de toutes les fonctions d\u2019un ou plusieurs logiciels. Nous commencerons alors par \u00e9tablir un diagnostic de vos connaissances et de vos attentes afin de mettre en place un parcours p\u00e9dagogique adapt\u00e9 \u00e0 vos besoins.<\/p>\t\t\t\t\t\t\t\t<\/div>\n\t\t\t\t<\/div>\n\t\t\t\t\t<\/div>\n\t\t<\/div>\n\t\t\t\t\t<\/div>\n\t\t<\/section>\n\t\t\t\t<\/div>\n\t\t","protected":false},"excerpt":{"rendered":"<p>Vous cherchez une formation adapt\u00e9e \u00e0 vos besoins, nous donnons des cours sur la majorit\u00e9 des logiciels que vous utilisez.Nous venons chez vous pour vous former, ce qui vous permet d&rsquo;\u00eatre en contact direct avec le formateur et ainsi pouvoir poser les questions que vous souhaitez et d\u2019avancer \u00e0 votre rythme. Pas de programme contraignant, [&hellip;]<\/p>\n","protected":false},"author":1,"featured_media":0,"parent":0,"menu_order":0,"comment_status":"closed","ping_status":"open","template":"elementor_header_footer","meta":{"ocean_post_layout":"","ocean_both_sidebars_style":"","ocean_both_sidebars_content_width":0,"ocean_both_sidebars_sidebars_width":0,"ocean_sidebar":"0","ocean_second_sidebar":"0","ocean_disable_margins":"enable","ocean_add_body_class":"","ocean_shortcode_before_top_bar":"","ocean_shortcode_after_top_bar":"","ocean_shortcode_before_header":"","ocean_shortcode_after_header":"","ocean_has_shortcode":"","ocean_shortcode_after_title":"","ocean_shortcode_before_footer_widgets":"","ocean_shortcode_after_footer_widgets":"","ocean_shortcode_before_footer_bottom":"","ocean_shortcode_after_footer_bottom":"","ocean_display_top_bar":"default","ocean_display_header":"default","ocean_header_style":"","ocean_center_header_left_menu":"0","ocean_custom_header_template":"0","ocean_custom_logo":0,"ocean_custom_retina_logo":0,"ocean_custom_logo_max_width":0,"ocean_custom_logo_tablet_max_width":0,"ocean_custom_logo_mobile_max_width":0,"ocean_custom_logo_max_height":0,"ocean_custom_logo_tablet_max_height":0,"ocean_custom_logo_mobile_max_height":0,"ocean_header_custom_menu":"0","ocean_menu_typo_font_family":"0","ocean_menu_typo_font_subset":"","ocean_menu_typo_font_size":0,"ocean_menu_typo_font_size_tablet":0,"ocean_menu_typo_font_size_mobile":0,"ocean_menu_typo_font_size_unit":"px","ocean_menu_typo_font_weight":"","ocean_menu_typo_font_weight_tablet":"","ocean_menu_typo_font_weight_mobile":"","ocean_menu_typo_transform":"","ocean_menu_typo_transform_tablet":"","ocean_menu_typo_transform_mobile":"","ocean_menu_typo_line_height":0,"ocean_menu_typo_line_height_tablet":0,"ocean_menu_typo_line_height_mobile":0,"ocean_menu_typo_line_height_unit":"","ocean_menu_typo_spacing":0,"ocean_menu_typo_spacing_tablet":0,"ocean_menu_typo_spacing_mobile":0,"ocean_menu_typo_spacing_unit":"","ocean_menu_link_color":"","ocean_menu_link_color_hover":"","ocean_menu_link_color_active":"","ocean_menu_link_background":"","ocean_menu_link_hover_background":"","ocean_menu_link_active_background":"","ocean_menu_social_links_bg":"","ocean_menu_social_hover_links_bg":"","ocean_menu_social_links_color":"","ocean_menu_social_hover_links_color":"","ocean_disable_title":"on","ocean_disable_heading":"default","ocean_post_title":"","ocean_post_subheading":"","ocean_post_title_style":"","ocean_post_title_background_color":"","ocean_post_title_background":0,"ocean_post_title_bg_image_position":"","ocean_post_title_bg_image_attachment":"","ocean_post_title_bg_image_repeat":"","ocean_post_title_bg_image_size":"","ocean_post_title_height":0,"ocean_post_title_bg_overlay":0.5,"ocean_post_title_bg_overlay_color":"","ocean_disable_breadcrumbs":"default","ocean_breadcrumbs_color":"","ocean_breadcrumbs_separator_color":"","ocean_breadcrumbs_links_color":"","ocean_breadcrumbs_links_hover_color":"","ocean_display_footer_widgets":"default","ocean_display_footer_bottom":"default","ocean_custom_footer_template":"0","footnotes":""},"class_list":["post-968","page","type-page","status-publish","hentry","entry"],"yoast_head":"<!-- This site is optimized with the Yoast SEO plugin v27.5 - https:\/\/yoast.com\/product\/yoast-seo-wordpress\/ -->\n<title>ASID - Formation informatique et multimedia sur Valence<\/title>\n<meta name=\"description\" content=\"Vous cherchez une formation adapt\u00e9e \u00e0 vos besoins, nous donnons des cours sur la majorit\u00e9 des logiciels que vous utilisez\" \/>\n<meta name=\"robots\" content=\"index, follow, max-snippet:-1, max-image-preview:large, max-video-preview:-1\" \/>\n<link rel=\"canonical\" href=\"https:\/\/asid.atnetmaker.com\/index.php\/formation-informatique\/\" \/>\n<meta property=\"og:locale\" content=\"fr_FR\" \/>\n<meta property=\"og:type\" content=\"article\" \/>\n<meta property=\"og:title\" content=\"ASID - Formation informatique et multimedia sur Valence\" \/>\n<meta property=\"og:description\" content=\"Vous cherchez une formation adapt\u00e9e \u00e0 vos besoins, nous donnons des cours sur la majorit\u00e9 des logiciels que vous utilisez\" \/>\n<meta property=\"og:url\" content=\"https:\/\/asid.atnetmaker.com\/index.php\/formation-informatique\/\" \/>\n<meta property=\"og:site_name\" content=\"ASID Assistance et Formation Informatique a Domicile\" \/>\n<meta property=\"article:modified_time\" content=\"2026-04-28T15:27:16+00:00\" \/>\n<meta name=\"twitter:card\" content=\"summary_large_image\" \/>\n<meta name=\"twitter:label1\" content=\"Dur\u00e9e de lecture estim\u00e9e\" \/>\n\t<meta name=\"twitter:data1\" content=\"2 minutes\" \/>\n<script type=\"application\/ld+json\" class=\"yoast-schema-graph\">{\"@context\":\"https:\\\/\\\/schema.org\",\"@graph\":[{\"@type\":\"WebPage\",\"@id\":\"https:\\\/\\\/asid.atnetmaker.com\\\/index.php\\\/formation-informatique\\\/\",\"url\":\"https:\\\/\\\/asid.atnetmaker.com\\\/index.php\\\/formation-informatique\\\/\",\"name\":\"ASID - Formation informatique et multimedia sur Valence\",\"isPartOf\":{\"@id\":\"https:\\\/\\\/asid.atnetmaker.com\\\/#website\"},\"datePublished\":\"2020-06-11T14:39:42+00:00\",\"dateModified\":\"2026-04-28T15:27:16+00:00\",\"description\":\"Vous cherchez une formation adapt\u00e9e \u00e0 vos besoins, nous donnons des cours sur la majorit\u00e9 des logiciels que vous utilisez\",\"breadcrumb\":{\"@id\":\"https:\\\/\\\/asid.atnetmaker.com\\\/index.php\\\/formation-informatique\\\/#breadcrumb\"},\"inLanguage\":\"fr-FR\",\"potentialAction\":[{\"@type\":\"ReadAction\",\"target\":[\"https:\\\/\\\/asid.atnetmaker.com\\\/index.php\\\/formation-informatique\\\/\"]}]},{\"@type\":\"BreadcrumbList\",\"@id\":\"https:\\\/\\\/asid.atnetmaker.com\\\/index.php\\\/formation-informatique\\\/#breadcrumb\",\"itemListElement\":[{\"@type\":\"ListItem\",\"position\":1,\"name\":\"Accueil\",\"item\":\"https:\\\/\\\/asid.atnetmaker.com\\\/\"},{\"@type\":\"ListItem\",\"position\":2,\"name\":\"Formation\"}]},{\"@type\":\"WebSite\",\"@id\":\"https:\\\/\\\/asid.atnetmaker.com\\\/#website\",\"url\":\"https:\\\/\\\/asid.atnetmaker.com\\\/\",\"name\":\"ASID Assistance et Formation Informatique a Domicile\",\"description\":\"AtNetMaker Service Informatique \u00e0 Domicile\",\"publisher\":{\"@id\":\"https:\\\/\\\/asid.atnetmaker.com\\\/#organization\"},\"potentialAction\":[{\"@type\":\"SearchAction\",\"target\":{\"@type\":\"EntryPoint\",\"urlTemplate\":\"https:\\\/\\\/asid.atnetmaker.com\\\/?s={search_term_string}\"},\"query-input\":{\"@type\":\"PropertyValueSpecification\",\"valueRequired\":true,\"valueName\":\"search_term_string\"}}],\"inLanguage\":\"fr-FR\"},{\"@type\":\"Organization\",\"@id\":\"https:\\\/\\\/asid.atnetmaker.com\\\/#organization\",\"name\":\"ASID Assistance et Formation Informatique a Domicile\",\"url\":\"https:\\\/\\\/asid.atnetmaker.com\\\/\",\"logo\":{\"@type\":\"ImageObject\",\"inLanguage\":\"fr-FR\",\"@id\":\"https:\\\/\\\/asid.atnetmaker.com\\\/#\\\/schema\\\/logo\\\/image\\\/\",\"url\":\"https:\\\/\\\/asid.atnetmaker.com\\\/wp-content\\\/uploads\\\/2020\\\/06\\\/logo_asid.png\",\"contentUrl\":\"https:\\\/\\\/asid.atnetmaker.com\\\/wp-content\\\/uploads\\\/2020\\\/06\\\/logo_asid.png\",\"width\":800,\"height\":640,\"caption\":\"ASID Assistance et Formation Informatique a Domicile\"},\"image\":{\"@id\":\"https:\\\/\\\/asid.atnetmaker.com\\\/#\\\/schema\\\/logo\\\/image\\\/\"}}]}<\/script>\n<!-- \/ Yoast SEO plugin. -->","yoast_head_json":{"title":"ASID - Formation informatique et multimedia sur Valence","description":"Vous cherchez une formation adapt\u00e9e \u00e0 vos besoins, nous donnons des cours sur la majorit\u00e9 des logiciels que vous utilisez","robots":{"index":"index","follow":"follow","max-snippet":"max-snippet:-1","max-image-preview":"max-image-preview:large","max-video-preview":"max-video-preview:-1"},"canonical":"https:\/\/asid.atnetmaker.com\/index.php\/formation-informatique\/","og_locale":"fr_FR","og_type":"article","og_title":"ASID - Formation informatique et multimedia sur Valence","og_description":"Vous cherchez une formation adapt\u00e9e \u00e0 vos besoins, nous donnons des cours sur la majorit\u00e9 des logiciels que vous utilisez","og_url":"https:\/\/asid.atnetmaker.com\/index.php\/formation-informatique\/","og_site_name":"ASID Assistance et Formation Informatique a Domicile","article_modified_time":"2026-04-28T15:27:16+00:00","twitter_card":"summary_large_image","twitter_misc":{"Dur\u00e9e de lecture estim\u00e9e":"2 minutes"},"schema":{"@context":"https:\/\/schema.org","@graph":[{"@type":"WebPage","@id":"https:\/\/asid.atnetmaker.com\/index.php\/formation-informatique\/","url":"https:\/\/asid.atnetmaker.com\/index.php\/formation-informatique\/","name":"ASID - Formation informatique et multimedia sur Valence","isPartOf":{"@id":"https:\/\/asid.atnetmaker.com\/#website"},"datePublished":"2020-06-11T14:39:42+00:00","dateModified":"2026-04-28T15:27:16+00:00","description":"Vous cherchez une formation adapt\u00e9e \u00e0 vos besoins, nous donnons des cours sur la majorit\u00e9 des logiciels que vous utilisez","breadcrumb":{"@id":"https:\/\/asid.atnetmaker.com\/index.php\/formation-informatique\/#breadcrumb"},"inLanguage":"fr-FR","potentialAction":[{"@type":"ReadAction","target":["https:\/\/asid.atnetmaker.com\/index.php\/formation-informatique\/"]}]},{"@type":"BreadcrumbList","@id":"https:\/\/asid.atnetmaker.com\/index.php\/formation-informatique\/#breadcrumb","itemListElement":[{"@type":"ListItem","position":1,"name":"Accueil","item":"https:\/\/asid.atnetmaker.com\/"},{"@type":"ListItem","position":2,"name":"Formation"}]},{"@type":"WebSite","@id":"https:\/\/asid.atnetmaker.com\/#website","url":"https:\/\/asid.atnetmaker.com\/","name":"ASID Assistance et Formation Informatique a Domicile","description":"AtNetMaker Service Informatique \u00e0 Domicile","publisher":{"@id":"https:\/\/asid.atnetmaker.com\/#organization"},"potentialAction":[{"@type":"SearchAction","target":{"@type":"EntryPoint","urlTemplate":"https:\/\/asid.atnetmaker.com\/?s={search_term_string}"},"query-input":{"@type":"PropertyValueSpecification","valueRequired":true,"valueName":"search_term_string"}}],"inLanguage":"fr-FR"},{"@type":"Organization","@id":"https:\/\/asid.atnetmaker.com\/#organization","name":"ASID Assistance et Formation Informatique a Domicile","url":"https:\/\/asid.atnetmaker.com\/","logo":{"@type":"ImageObject","inLanguage":"fr-FR","@id":"https:\/\/asid.atnetmaker.com\/#\/schema\/logo\/image\/","url":"https:\/\/asid.atnetmaker.com\/wp-content\/uploads\/2020\/06\/logo_asid.png","contentUrl":"https:\/\/asid.atnetmaker.com\/wp-content\/uploads\/2020\/06\/logo_asid.png","width":800,"height":640,"caption":"ASID Assistance et Formation Informatique a Domicile"},"image":{"@id":"https:\/\/asid.atnetmaker.com\/#\/schema\/logo\/image\/"}}]}},"jetpack_sharing_enabled":true,"_links":{"self":[{"href":"https:\/\/asid.atnetmaker.com\/index.php\/wp-json\/wp\/v2\/pages\/968","targetHints":{"allow":["GET"]}}],"collection":[{"href":"https:\/\/asid.atnetmaker.com\/index.php\/wp-json\/wp\/v2\/pages"}],"about":[{"href":"https:\/\/asid.atnetmaker.com\/index.php\/wp-json\/wp\/v2\/types\/page"}],"author":[{"embeddable":true,"href":"https:\/\/asid.atnetmaker.com\/index.php\/wp-json\/wp\/v2\/users\/1"}],"replies":[{"embeddable":true,"href":"https:\/\/asid.atnetmaker.com\/index.php\/wp-json\/wp\/v2\/comments?post=968"}],"version-history":[{"count":8,"href":"https:\/\/asid.atnetmaker.com\/index.php\/wp-json\/wp\/v2\/pages\/968\/revisions"}],"predecessor-version":[{"id":1028,"href":"https:\/\/asid.atnetmaker.com\/index.php\/wp-json\/wp\/v2\/pages\/968\/revisions\/1028"}],"wp:attachment":[{"href":"https:\/\/asid.atnetmaker.com\/index.php\/wp-json\/wp\/v2\/media?parent=968"}],"curies":[{"name":"wp","href":"https:\/\/api.w.org\/{rel}","templated":true}]}}